{"id":2070,"date":"2024-05-14T11:31:35","date_gmt":"2024-05-14T09:31:35","guid":{"rendered":"https:\/\/www.defender-byrna.si\/?post_type=product&#038;p=2070"},"modified":"2024-05-14T15:23:15","modified_gmt":"2024-05-14T13:23:15","slug":"byrna-12-gauge-kinetic-ammo","status":"publish","type":"product","link":"https:\/\/www.defender-byrna.si\/cs\/produkt\/byrna-12-gauge-kinetic-ammo\/","title":{"rendered":"BYRNA 12 GAUGE Kinetick\u00e1 munice"},"content":{"rendered":"<p><strong>M\u00e9n\u011b smrt\u00edc\u00ed n\u00e1boj 12 Gauge Vlastnosti:<\/strong><\/p>\n<div class=\"flexBox\">\n<div class=\"flexDescrip\">\n<ul>\n<li style=\"list-style-type: none\">\n<ul>\n<li>Vlastn\u00ed mu\u0161le a vata zaji\u0161\u0165uj\u00ed spr\u00e1vn\u00e9 zarovn\u00e1n\u00ed hlavn\u011b p\u0159i v\u00fdstupu z hlavn\u011b.<\/li>\n<\/ul>\n<\/li>\n<\/ul>\n<ul>\n<li style=\"list-style-type: none\">\n<ul>\n<li>D\u011blic\u00ed \u010d\u00e1ry, prom\u011bnliv\u00e1 tlou\u0161\u0165ka st\u011bny a sonick\u00e9 sva\u0159ov\u00e1n\u00ed zaji\u0161\u0165uj\u00ed, \u017ee st\u0159ela je pevn\u00e1, ale p\u0159itom t\u0159askav\u00e1 (pou\u017eiteln\u00e9 pro u\u017eite\u010dn\u00e9 zat\u00ed\u017een\u00ed).<\/li>\n<\/ul>\n<\/li>\n<\/ul>\n<ul>\n<li style=\"list-style-type: none\">\n<ul>\n<li>Patentovan\u00e1 technologie Fin-Tailed umo\u017e\u0148uje p\u0159esnost a\u017e 100 stop.<\/li>\n<\/ul>\n<\/li>\n<\/ul>\n<p>V\u00fdst\u0159el bez st\u0159eln\u00e9ho prachu je 16kr\u00e1t ti\u0161\u0161\u00ed ne\u017e u standardn\u00ed brokovnice.<\/p>\n<p>&nbsp;<\/p>\n<p><b>N\u00e1boje Kinetic 12 Gauge neobsahuj\u00ed \u017e\u00e1dnou chemickou n\u00e1pl\u0148.<\/b><\/p>\n<p><b>Vezm\u011bte pros\u00edm na v\u011bdom\u00ed, \u017ee v\u0161echny prodeje 12 Gauge jsou kone\u010dn\u00e9 a nelze je vr\u00e1tit.<\/b><\/p>\n<ul>\n<li style=\"list-style-type: none\"><\/li>\n<\/ul>\n<p><b>N\u00e1boje r\u00e1\u017ee 12 nevedou do poloautomatick\u00e9 brokovnice, proto\u017ee neobsahuj\u00ed st\u0159eln\u00fd prach, ale lze je ru\u010dn\u011b spustit a vyst\u0159elit z v\u011bt\u0161iny poloautomatick\u00fdch brokovnic.<\/b><\/p>\n<p><em>Dod\u00e1v\u00e1no bez z\u00e1kladn\u00edho n\u00e1t\u011bru!<\/em><\/p>\n<\/div>\n<\/div>","protected":false},"excerpt":{"rendered":"<p>Byrna 12 Gauge-Kinetic.<\/p>\n<p>Pro v\u0161echny milovn\u00edky brokovnic!<\/p>","protected":false},"featured_media":2075,"template":"","meta":[],"product_cat":[85],"product_tag":[],"class_list":{"0":"post-2070","1":"product","2":"type-product","3":"status-publish","4":"has-post-thumbnail","6":"product_cat-projectiles","8":"first","9":"instock","10":"shipping-taxable","11":"purchasable","12":"product-type-simple"},"_links":{"self":[{"href":"https:\/\/www.defender-byrna.si\/cs\/wp-json\/wp\/v2\/product\/2070","targetHints":{"allow":["GET"]}}],"collection":[{"href":"https:\/\/www.defender-byrna.si\/cs\/wp-json\/wp\/v2\/product"}],"about":[{"href":"https:\/\/www.defender-byrna.si\/cs\/wp-json\/wp\/v2\/types\/product"}],"wp:featuredmedia":[{"embeddable":true,"href":"https:\/\/www.defender-byrna.si\/cs\/wp-json\/wp\/v2\/media\/2075"}],"wp:attachment":[{"href":"https:\/\/www.defender-byrna.si\/cs\/wp-json\/wp\/v2\/media?parent=2070"}],"wp:term":[{"taxonomy":"product_cat","embeddable":true,"href":"https:\/\/www.defender-byrna.si\/cs\/wp-json\/wp\/v2\/product_cat?post=2070"},{"taxonomy":"product_tag","embeddable":true,"href":"https:\/\/www.defender-byrna.si\/cs\/wp-json\/wp\/v2\/product_tag?post=2070"}],"curies":[{"name":"wp","href":"https:\/\/api.w.org\/{rel}","templated":true}]}}