{"id":1898,"date":"2023-07-26T10:52:54","date_gmt":"2023-07-26T08:52:54","guid":{"rendered":"https:\/\/www.defender-byrna.si\/?post_type=product&#038;p=1898"},"modified":"2025-02-08T22:07:12","modified_gmt":"2025-02-08T21:07:12","slug":"byrna-tcr-pro-bundle-kit","status":"publish","type":"product","link":"https:\/\/www.defender-byrna.si\/cs\/produkt\/byrna-tcr-pro-bundle-kit\/","title":{"rendered":"Sada TCR Pro Bundle Kit od spole\u010dnosti Byrna"},"content":{"rendered":"<p><strong><a href=\"https:\/\/www.defender-byrna.si\/wp-content\/uploads\/2023\/07\/Byrna_TCR_Manual_012522.pdf\" style=\"color: black\">BYRNA TCR U\u017dIVATELSK\u00c1 P\u0158\u00cdRU\u010cKA<\/a><\/strong><\/p>","protected":false},"excerpt":{"rendered":"<p><strong>*CO2 a projektily nejsou sou\u010d\u00e1st\u00ed bal\u00ed\u010dku TCR.<\/strong><\/p>\n<p>Nov\u00e1 taktick\u00e1 kompaktn\u00ed pu\u0161ka TCR je navr\u017eena jako v\u0161estrann\u00e1 a spolehliv\u00e1 z\u00e1sobn\u00edkov\u00e1 pu\u0161ka pro dom\u00e1c\u00ed obranu a rekrea\u010dn\u00ed pou\u017eit\u00ed. Je navr\u017eena tak, aby poskytovala kompaktn\u00ed vojensk\u00fd realistick\u00fd vzhled, kter\u00fd lze snadno p\u0159izp\u016fsobit\/vylep\u0161it pomoc\u00ed standardn\u00edch \u010dty\u0159 li\u0161t Picatinny. Vysoce v\u00fdkonn\u00fd model TCR zahrnuje tak\u00e9 sklopn\u00e1 p\u0159edn\u00ed a zadn\u00ed m\u00ed\u0159idla, vertik\u00e1ln\u00ed p\u0159edn\u00ed rukoje\u0165 a 11\" vysoce v\u00fdkonnou hlave\u0148. Nov\u00fd TCR se dod\u00e1v\u00e1 s prodlou\u017een\u00fdmi z\u00e1sobn\u00edky na 7 a 12 n\u00e1boj\u016f a pln\u011b polstrovan\u00fdm pouzdrem na karabinu. TCR je skute\u010dn\u011b nejuniverz\u00e1ln\u011bj\u0161\u00ed m\u00e9n\u011b smrt\u00edc\u00ed odpalovac\u00ed za\u0159\u00edzen\u00ed se z\u00e1sobn\u00edkem, kter\u00e9 je dnes k dispozici.<\/p>","protected":false},"featured_media":1899,"template":"","meta":[],"product_cat":[84],"product_tag":[],"class_list":{"0":"post-1898","1":"product","2":"type-product","3":"status-publish","4":"has-post-thumbnail","6":"product_cat-byrna-launcher","8":"first","9":"instock","10":"shipping-taxable","11":"purchasable","12":"product-type-variable"},"_links":{"self":[{"href":"https:\/\/www.defender-byrna.si\/cs\/wp-json\/wp\/v2\/product\/1898","targetHints":{"allow":["GET"]}}],"collection":[{"href":"https:\/\/www.defender-byrna.si\/cs\/wp-json\/wp\/v2\/product"}],"about":[{"href":"https:\/\/www.defender-byrna.si\/cs\/wp-json\/wp\/v2\/types\/product"}],"wp:featuredmedia":[{"embeddable":true,"href":"https:\/\/www.defender-byrna.si\/cs\/wp-json\/wp\/v2\/media\/1899"}],"wp:attachment":[{"href":"https:\/\/www.defender-byrna.si\/cs\/wp-json\/wp\/v2\/media?parent=1898"}],"wp:term":[{"taxonomy":"product_cat","embeddable":true,"href":"https:\/\/www.defender-byrna.si\/cs\/wp-json\/wp\/v2\/product_cat?post=1898"},{"taxonomy":"product_tag","embeddable":true,"href":"https:\/\/www.defender-byrna.si\/cs\/wp-json\/wp\/v2\/product_tag?post=1898"}],"curies":[{"name":"wp","href":"https:\/\/api.w.org\/{rel}","templated":true}]}}