{"id":1718,"date":"2023-05-08T17:46:04","date_gmt":"2023-05-08T15:46:04","guid":{"rendered":"https:\/\/defender.byrna-defense.com\/?post_type=product&#038;p=1718"},"modified":"2025-11-16T18:56:43","modified_gmt":"2025-11-16T17:56:43","slug":"byrna-foldable-target-trap","status":"publish","type":"product","link":"https:\/\/www.defender-byrna.si\/cs\/produkt\/byrna-foldable-target-trap\/","title":{"rendered":"SKL\u00c1DAC\u00cd TER\u010cOV\u00c1 PAST BYRNA"},"content":{"rendered":"<p>Vysoce kvalitn\u00ed pogumovan\u00fd taftov\u00fd nylon s odoln\u00fdm ocelov\u00fdm r\u00e1mem<\/p>\n<p>Otev\u0159en\u00ed a slo\u017een\u00ed b\u011bhem n\u011bkolika sekund<\/p>\n<p>Vestav\u011bn\u00e1 dvojit\u00e1 s\u00ed\u0165 pro sn\u00ed\u017een\u00ed hluku a zv\u00fd\u0161en\u00ed brzdn\u00e9 s\u00edly<\/p>\n<p>Konstrukce stanu umo\u017e\u0148uje st\u0159elci pohodln\u011b zachytit a sb\u00edrat st\u0159ely.<\/p>\n<p>45,72 cm x 45,72 cm x 48,26 cm v otev\u0159en\u00e9m stavu, pr\u016fm\u011br 30,48 cm po slo\u017een\u00ed do p\u0159enosn\u00e9ho pouzdra.<\/p>\n<p>P\u0159ilo\u017een\u00e9 cestovn\u00ed pouzdro pro snadnou p\u0159epravu<\/p>","protected":false},"excerpt":{"rendered":"<p>High quality rubberized taffeta nylon with durable steel frame Open and folds in seconds Built-in double net to reduce noise and add additional stopping power Tent designs allows shooter to [&hellip;]<\/p>","protected":false},"featured_media":1719,"template":"","meta":[],"product_cat":[86],"product_tag":[],"class_list":{"0":"post-1718","1":"product","2":"type-product","3":"status-publish","4":"has-post-thumbnail","6":"product_cat-accessories","8":"first","9":"instock","10":"shipping-taxable","11":"purchasable","12":"product-type-simple"},"_links":{"self":[{"href":"https:\/\/www.defender-byrna.si\/cs\/wp-json\/wp\/v2\/product\/1718","targetHints":{"allow":["GET"]}}],"collection":[{"href":"https:\/\/www.defender-byrna.si\/cs\/wp-json\/wp\/v2\/product"}],"about":[{"href":"https:\/\/www.defender-byrna.si\/cs\/wp-json\/wp\/v2\/types\/product"}],"wp:featuredmedia":[{"embeddable":true,"href":"https:\/\/www.defender-byrna.si\/cs\/wp-json\/wp\/v2\/media\/1719"}],"wp:attachment":[{"href":"https:\/\/www.defender-byrna.si\/cs\/wp-json\/wp\/v2\/media?parent=1718"}],"wp:term":[{"taxonomy":"product_cat","embeddable":true,"href":"https:\/\/www.defender-byrna.si\/cs\/wp-json\/wp\/v2\/product_cat?post=1718"},{"taxonomy":"product_tag","embeddable":true,"href":"https:\/\/www.defender-byrna.si\/cs\/wp-json\/wp\/v2\/product_tag?post=1718"}],"curies":[{"name":"wp","href":"https:\/\/api.w.org\/{rel}","templated":true}]}}