{"id":1627,"date":"2023-05-08T16:45:10","date_gmt":"2023-05-08T14:45:10","guid":{"rendered":"https:\/\/defender.byrna-defense.com\/?post_type=product&#038;p=1627"},"modified":"2023-11-19T12:22:25","modified_gmt":"2023-11-19T11:22:25","slug":"byrna-pepper-projectiles-5ct","status":"publish","type":"product","link":"https:\/\/www.defender-byrna.si\/cs\/produkt\/byrna-pepper-projectiles-5ct\/","title":{"rendered":"PEP\u0158OV\u00c9 PROJEKTILY (5 KS)"},"content":{"rendered":"<p class=\"para-17\">Pep\u0159ov\u00e9 projektily Byrna obsahuj\u00ed sm\u011bs oleoresinu Capsicum (OC) + PAVA, kter\u00e1 je jedn\u00edm z nejsiln\u011bj\u0161\u00edch pep\u0159ov\u00fdch projektil\u016f na trhu.<\/p>\n<div class=\"rich-text w-richtext\">\n<p><strong>Fyzik\u00e1ln\u00ed \u00fa\u010dinky:<\/strong><\/p>\n<ul role=\"list\">\n<li>P\u00e1len\u00ed v krku<\/li>\n<li>Wheezing<\/li>\n<li>Gasping<\/li>\n<li>Such\u00fd ka\u0161el<\/li>\n<li>Du\u0161nost<\/li>\n<li>Gagging<\/li>\n<li>Neschopnost d\u00fdchat<\/li>\n<\/ul>\n<p>Zvy\u0161te sv\u00e9 sebev\u011bdom\u00ed a z\u00e1rove\u0148 zajist\u011bte bezpe\u010dnost sob\u011b i sv\u00e9 rodin\u011b.<\/p>\n<\/div>","protected":false},"excerpt":{"rendered":"<p>Byrna Pepper Projectiles contain a blend of Oleoresin Capsicum (OC) + PAVA making it one of the most powerful pepper projectiles on the market. Physical effects: Burning in throat Wheezing [&hellip;]<\/p>","protected":false},"featured_media":1628,"template":"","meta":[],"product_cat":[85],"product_tag":[],"class_list":{"0":"post-1627","1":"product","2":"type-product","3":"status-publish","4":"has-post-thumbnail","6":"product_cat-projectiles","8":"first","9":"instock","10":"shipping-taxable","11":"product-type-external"},"_links":{"self":[{"href":"https:\/\/www.defender-byrna.si\/cs\/wp-json\/wp\/v2\/product\/1627","targetHints":{"allow":["GET"]}}],"collection":[{"href":"https:\/\/www.defender-byrna.si\/cs\/wp-json\/wp\/v2\/product"}],"about":[{"href":"https:\/\/www.defender-byrna.si\/cs\/wp-json\/wp\/v2\/types\/product"}],"wp:featuredmedia":[{"embeddable":true,"href":"https:\/\/www.defender-byrna.si\/cs\/wp-json\/wp\/v2\/media\/1628"}],"wp:attachment":[{"href":"https:\/\/www.defender-byrna.si\/cs\/wp-json\/wp\/v2\/media?parent=1627"}],"wp:term":[{"taxonomy":"product_cat","embeddable":true,"href":"https:\/\/www.defender-byrna.si\/cs\/wp-json\/wp\/v2\/product_cat?post=1627"},{"taxonomy":"product_tag","embeddable":true,"href":"https:\/\/www.defender-byrna.si\/cs\/wp-json\/wp\/v2\/product_tag?post=1627"}],"curies":[{"name":"wp","href":"https:\/\/api.w.org\/{rel}","templated":true}]}}