{"id":1611,"date":"2023-05-08T16:32:19","date_gmt":"2023-05-08T14:32:19","guid":{"rendered":"https:\/\/defender.byrna-defense.com\/?post_type=product&#038;p=1611"},"modified":"2023-11-19T12:23:40","modified_gmt":"2023-11-19T11:23:40","slug":"byrna-sd-pepper","status":"publish","type":"product","link":"https:\/\/www.defender-byrna.si\/cs\/produkt\/byrna-sd-pepper\/","title":{"rendered":"BYRNA SD PEPPER"},"content":{"rendered":"","protected":false},"excerpt":{"rendered":"<p><iframe loading=\"lazy\" title=\"P\u0159ehr\u00e1va\u010d vide\u00ed YouTube\" src=\"https:\/\/www.youtube.com\/embed\/YSOiUlC0JFQ\" width=\"560\" height=\"315\" frameborder=\"0\" allowfullscreen=\"allowfullscreen\"><\/iframe><\/p>\n<p>Odpalovac\u00ed za\u0159\u00edzen\u00ed Byrna SD bylo vyvinuto na z\u00e1klad\u011b st\u00e1vaj\u00edc\u00edho modelu Byrna HD, kter\u00fd nyn\u00ed pou\u017e\u00edvaj\u00ed tis\u00edce spokojen\u00fdch u\u017eivatel\u016f od civiln\u00edho obyvatelstva a\u017e po bezpe\u010dnostn\u00ed firmy a org\u00e1ny \u010dinn\u00e9 v trestn\u00edm \u0159\u00edzen\u00ed.<\/p>\n<p>Po \u00fasp\u011bchu u profesion\u00e1l\u016f nab\u00edz\u00ed nov\u00e1 verze modelu SD nov\u00fd design rukojeti, nov\u00e1 m\u00ed\u0159idla a optimalizovanou zadn\u00ed \u010d\u00e1st spou\u0161t\u011b.<\/p>\n<p>Byrna SD, poh\u00e1n\u011bn\u00e1 8g CO2 patronou, st\u0159\u00edl\u00ed chemick\u00e9 pep\u0159ov\u00e9\/kapacitn\u00ed projektily r\u00e1\u017ee 68, vyvinut\u00e9 pro zpomalen\u00ed nebo neutralizaci hrozby do vzd\u00e1lenosti 20 metr\u016f, ale m\u016f\u017ee tak\u00e9 st\u0159\u00edlet kinetick\u00e9 (tvrd\u00e9 polymerov\u00e9) nebo eko\/pro-kinetick\u00e9 projektily pro v\u00fdcvik nebo obranu.<\/p>\n<p>N\u00e1bojnice CO2 8 g umo\u017e\u0148uje vyst\u0159elit 4 z\u00e1sobn\u00edky po 5 n\u00e1boj\u00edch.<\/p>\n<p>Byrna SD je neuv\u011b\u0159iteln\u011b v\u00fdkonn\u00e1 a \u00fa\u010dinn\u00e1 nesmrt\u00edc\u00ed sebeobrann\u00e1 zbra\u0148.<\/p>\n<p>Vlastnosti sady Byrna SD Pepper Kit:<\/p>\n<ul role=\"list\">\n<li>Rychlost st\u0159ely a\u017e 95 m\/s<\/li>\n<li>Unik\u00e1tn\u00ed spou\u0161\u0165ov\u00fd mechanismus - p\u0159i prvn\u00edm v\u00fdst\u0159elu sou\u010dasn\u011b prop\u00edchne n\u00e1bojnici a vyst\u0159el\u00ed st\u0159ely - patentovan\u00e1 konstrukce od\u00a0<em>Technologie spole\u010dnosti Byrna<\/em><\/li>\n<li>V\u00fdkon 13 joul\u016f<\/li>\n<li>P\u0159esnost a\u017e na 20 metr\u016f<\/li>\n<li>20 v\u00fdst\u0159el\u016f na jednu 8g n\u00e1pl\u0148<\/li>\n<li>Ergonomick\u00e1 vo\u0161tinov\u00e1 rukoje\u0165 pro lep\u0161\u00ed ovl\u00e1d\u00e1n\u00ed za v\u0161ech podm\u00ednek<\/li>\n<li>Vylep\u0161en\u00e1 m\u00ed\u0159idla pro rychlej\u0161\u00ed zam\u011b\u0159en\u00ed c\u00edle<\/li>\n<li>P\u0159\u00edm\u00e1 spou\u0161\u0165 s 2,94kg tahem spou\u0161t\u011b a plynulej\u0161\u00edm stiskem<\/li>\n<li>Obouru\u010dn\u00ed p\u0159ep\u00edna\u010d trezoru\/st\u0159\u00edlny, kter\u00fd umo\u017e\u0148uje snadn\u00e9 p\u0159ep\u00edn\u00e1n\u00ed pro lev\u00e1ky i prav\u00e1ky.<\/li>\n<li>2let\u00e1 z\u00e1ruka (mo\u017en\u00e9 tak\u00e9\u00a0<em>Do\u017eivotn\u00ed z\u00e1ruka<\/em>)<\/li>\n<\/ul>\n<p>Co je sou\u010d\u00e1st\u00ed balen\u00ed:<\/p>\n<p>Na\u0161e sada Byrna SD Kinetic Kit se dod\u00e1v\u00e1 v ochrann\u00e9m kuf\u0159\u00edku na zip se v\u0161\u00edm, co pot\u0159ebujete k zah\u00e1jen\u00ed pr\u00e1ce:<\/p>\n<ul role=\"list\">\n<li>Jeden (1) odpalovac\u00ed za\u0159\u00edzen\u00ed Byrna SD<\/li>\n<li>Dva (2) z\u00e1sobn\u00edky na 5 n\u00e1boj\u016f<\/li>\n<li>Dv\u011b (2) 8gramov\u00e9 lahve na CO2 Byrna<\/li>\n<li>Dv\u011b (2) p\u011btikusov\u00e9 tuby kinetick\u00fdch st\u0159el Byrna<\/li>\n<li><em>Jedna (1) p\u011btin\u00e1sobn\u00e1 tuba pep\u0159ov\u00fdch projektil\u016f Byrna Pro<\/em><\/li>\n<li>Jedna (1) p\u011btikusov\u00e1 tuba ob Byrna Pepper Projectiles<\/li>\n<li>Jedna(1) tuba s 5 n\u00e1boji ob Byrna Kinetic Projectiles<\/li>\n<li>Jedna (1) tuba s 5 n\u00e1boji ob Byrna Eco-Kinetics Projectiles<\/li>\n<\/ul>","protected":false},"featured_media":1612,"template":"","meta":[],"product_cat":[84],"product_tag":[],"class_list":{"0":"post-1611","1":"product","2":"type-product","3":"status-publish","4":"has-post-thumbnail","6":"product_cat-byrna-launcher","8":"first","9":"instock","10":"featured","11":"shipping-taxable","12":"product-type-external"},"_links":{"self":[{"href":"https:\/\/www.defender-byrna.si\/cs\/wp-json\/wp\/v2\/product\/1611","targetHints":{"allow":["GET"]}}],"collection":[{"href":"https:\/\/www.defender-byrna.si\/cs\/wp-json\/wp\/v2\/product"}],"about":[{"href":"https:\/\/www.defender-byrna.si\/cs\/wp-json\/wp\/v2\/types\/product"}],"wp:featuredmedia":[{"embeddable":true,"href":"https:\/\/www.defender-byrna.si\/cs\/wp-json\/wp\/v2\/media\/1612"}],"wp:attachment":[{"href":"https:\/\/www.defender-byrna.si\/cs\/wp-json\/wp\/v2\/media?parent=1611"}],"wp:term":[{"taxonomy":"product_cat","embeddable":true,"href":"https:\/\/www.defender-byrna.si\/cs\/wp-json\/wp\/v2\/product_cat?post=1611"},{"taxonomy":"product_tag","embeddable":true,"href":"https:\/\/www.defender-byrna.si\/cs\/wp-json\/wp\/v2\/product_tag?post=1611"}],"curies":[{"name":"wp","href":"https:\/\/api.w.org\/{rel}","templated":true}]}}