{"id":1875,"date":"2023-06-30T10:31:32","date_gmt":"2023-06-30T08:31:32","guid":{"rendered":"https:\/\/defender.byrna-defense.com\/?page_id=1875"},"modified":"2023-06-30T10:31:34","modified_gmt":"2023-06-30T08:31:34","slug":"warranty","status":"publish","type":"page","link":"https:\/\/www.defender-byrna.si\/cs\/warranty\/","title":{"rendered":"Z\u00e1ruka"},"content":{"rendered":"<p><strong>OMEZEN\u00c1 TOV\u00c1RN\u00cd Z\u00c1RUKA<\/strong><\/p><p>\u200d<\/p><p>Na osobn\u00ed bezpe\u010dnostn\u00ed za\u0159\u00edzen\u00ed Byrna HD\/SD poskytuje spole\u010dnost Defender d.o.o. v\u00fdhradn\u011b koncov\u00e9mu u\u017eivateli z\u00e1ruku, \u017ee bude dod\u00e1no bez v\u00fdrobn\u00edch vad materi\u00e1lu a zpracov\u00e1n\u00ed po dobu dvou let od p\u016fvodn\u00edho data n\u00e1kupu. Pro z\u00edsk\u00e1n\u00ed z\u00e1ru\u010dn\u00edho kryt\u00ed mus\u00ed dr\u017eitel z\u00e1ruky (i) p\u0159edlo\u017eit doklad o p\u016fvodn\u00edm n\u00e1kupu a (ii) vadn\u00e9 za\u0159\u00edzen\u00ed mus\u00ed b\u00fdt bezpe\u010dn\u011b a spolehliv\u011b zabaleno a odesl\u00e1no p\u0159ed uplynut\u00edm z\u00e1ru\u010dn\u00ed doby do ur\u010den\u00e9ho servisn\u00edho st\u0159ediska spole\u010dnosti Defender d.o.o. v souladu s pokyny uveden\u00fdmi v autorizaci pro vr\u00e1cen\u00ed zbo\u017e\u00ed. N\u00e1prava kupuj\u00edc\u00edho v r\u00e1mci t\u00e9to z\u00e1ruky je omezena, podle v\u00fdhradn\u00edho rozhodnut\u00ed spole\u010dnosti Defender, na vr\u00e1cen\u00ed pen\u011bz nebo p\u0159ips\u00e1n\u00ed ceny v na \u00fa\u010det kupuj\u00edc\u00edho, nebo na v\u00fdm\u011bnu vadn\u00e9ho za\u0159\u00edzen\u00ed nebo jin\u00e9ho v\u00fdrobku.<\/p><p>\u200d<\/p><p><strong>NEOMEZEN\u00c1 TOV\u00c1RN\u00cd Z\u00c1RUKA<\/strong><\/p><p><\/p><p>Na osobn\u00ed bezpe\u010dnostn\u00ed za\u0159\u00edzen\u00ed Byrna HD\/SD poskytuje spole\u010dnost Defender d.o.o. v\u00fdhradn\u011b koncov\u00e9mu u\u017eivateli z\u00e1ruku, \u017ee bude dod\u00e1no bez v\u00fdrobn\u00edch vad materi\u00e1lu a zpracov\u00e1n\u00ed po dobu \u017eivotnosti od data zakoupen\u00ed. Pro z\u00edsk\u00e1n\u00ed z\u00e1ru\u010dn\u00edho kryt\u00ed mus\u00ed dr\u017eitel z\u00e1ruky (i) p\u0159edlo\u017eit doklad o p\u016fvodn\u00edm n\u00e1kupu a (ii) vadn\u00e9 za\u0159\u00edzen\u00ed mus\u00ed b\u00fdt bezpe\u010dn\u011b a spolehliv\u011b zabaleno a odesl\u00e1no p\u0159ed uplynut\u00edm z\u00e1ru\u010dn\u00ed doby do ur\u010den\u00e9ho servisn\u00edho st\u0159ediska spole\u010dnosti Defender d.o.o. v souladu s pokyny uveden\u00fdmi v autorizaci pro vr\u00e1cen\u00ed zbo\u017e\u00ed. N\u00e1prava kupuj\u00edc\u00edho v r\u00e1mci t\u00e9to z\u00e1ruky je omezena, podle v\u00fdhradn\u00edho rozhodnut\u00ed spole\u010dnosti Defender, na vr\u00e1cen\u00ed pen\u011bz nebo p\u0159ips\u00e1n\u00ed ceny v na \u00fa\u010det kupuj\u00edc\u00edho, nebo na v\u00fdm\u011bnu vadn\u00e9ho za\u0159\u00edzen\u00ed nebo jin\u00e9ho v\u00fdrobku.<\/p><p>\u200d<\/p><p><strong>V\u00ddLU\u010cNOST Z\u00c1RUKY A OMEZEN\u00cd OPRAVN\u00ddCH PROST\u0158EDK\u016e<\/strong><\/p><p>\u200d<\/p><p>V\u00fd\u0161e uveden\u00e1 n\u00e1prava je v\u00fdhradn\u00edm prost\u0159edkem n\u00e1pravy v p\u0159\u00edpad\u011b poru\u0161en\u00ed v\u00fd\u0161e uveden\u00e9 z\u00e1ruky. S v\u00fdjimkou omezen\u00e9 z\u00e1ruky v\u00fdslovn\u011b uveden\u00e9 v\u00fd\u0161e neposkytuje spole\u010dnost Defender \u017e\u00e1dn\u00e9 v\u00fdslovn\u00e9 ani p\u0159edpokl\u00e1dan\u00e9 z\u00e1ruky nebo prohl\u00e1\u0161en\u00ed t\u00fdkaj\u00edc\u00ed se jak\u00fdchkoli produkt\u016f spole\u010dnosti Byrna, v\u010detn\u011b z\u00e1ruky prodejnosti, z\u00e1ruky vhodnosti pro ur\u010dit\u00fd \u00fa\u010del nebo z\u00e1ruky proti poru\u0161en\u00ed pr\u00e1v du\u0161evn\u00edho vlastnictv\u00ed t\u0159et\u00ed strany. Kupuj\u00edc\u00edm a vlastn\u00edk\u016fm je zak\u00e1z\u00e1no poskytovat jak\u00e9koli z\u00e1ruky nebo prohl\u00e1\u0161en\u00ed t\u00fdkaj\u00edc\u00ed se jak\u00e9hokoli v\u00fdrobku Byrna, kter\u00e9 jsou v rozporu s v\u00fd\u0161e uvedenou v\u00fdslovnou omezenou tov\u00e1rn\u00ed z\u00e1rukou.<\/p><p>\u200d<\/p><p><strong>ZAK\u00c1ZAN\u00c1 POU\u017dIT\u00cd, ZM\u011aNY, NEPLATNOST Z\u00c1RUKY<\/strong><\/p><p>\u200d<\/p><p>Majitel\u00e9 by se nem\u011bli pokou\u0161et o rozeb\u00edr\u00e1n\u00ed nebo opravu zbran\u011b Byrna HD\/SD ani o jej\u00ed pou\u017e\u00edv\u00e1n\u00ed s neautorizovan\u00fdm nebo nekompatibiln\u00edm p\u0159\u00edslu\u0161enstv\u00edm, projektily nebo plynov\u00fdmi n\u00e1pln\u011bmi. Jak\u00e1koli zm\u011bna, zneu\u017eit\u00ed, nespr\u00e1vn\u00e9 pou\u017eit\u00ed, zanedb\u00e1n\u00ed nebo pokus o rozebr\u00e1n\u00ed za\u0159\u00edzen\u00ed nebo pou\u017eit\u00ed \u010di instalace jak\u00e9hokoli neschv\u00e1len\u00e9ho v\u00fdrobku t\u0159et\u00ed strany m\u016f\u017ee v\u00e9st ke ztr\u00e1t\u011b z\u00e1ruky. Z\u00e1ruka m\u016f\u017ee b\u00fdt rovn\u011b\u017e zru\u0161ena, pokud je se za\u0159\u00edzen\u00edm Byrna nebo jak\u00fdmkoli p\u0159\u00edslu\u0161enstv\u00edm \u010di jin\u00fdm v\u00fdrobkem nespr\u00e1vn\u011b manipulov\u00e1no, je nespr\u00e1vn\u011b skladov\u00e1no nebo p\u0159epravov\u00e1no.<\/p><p>\u200d<\/p><p><strong>P\u0158EVZET\u00cd RIZIKA KONCOV\u00ddM U\u017dIVATELEM<\/strong><\/p><p>\u200d<\/p><p>P\u0159ed pou\u017eit\u00edm je u\u017eivatel povinen zjistit, zda je v\u00fdrobek vhodn\u00fd pro zam\u00fd\u0161len\u00e9 pou\u017eit\u00ed, p\u0159e\u010d\u00edst si a porozum\u011bt v\u0161em pokyn\u016fm, varov\u00e1n\u00edm a bezpe\u010dnostn\u00edm opat\u0159en\u00edm uveden\u00fdm v tomto n\u00e1vodu, p\u0159ijmout ve\u0161ker\u00e1 p\u0159im\u011b\u0159en\u00e1 opat\u0159en\u00ed k zaji\u0161t\u011bn\u00ed bezpe\u010dn\u00e9ho pou\u017e\u00edv\u00e1n\u00ed a p\u0159evz\u00edt ve\u0161ker\u00e1 rizika a odpov\u011bdnost souvisej\u00edc\u00ed s n\u00e1kupem, dr\u017een\u00edm a pou\u017e\u00edv\u00e1n\u00edm za\u0159\u00edzen\u00ed Byrna. Spole\u010dnost Defender nenese \u017e\u00e1dnou odpov\u011bdnost ani nep\u0159eb\u00edr\u00e1 \u017e\u00e1dn\u00e9 z\u00e1vazky v\u016f\u010di kupuj\u00edc\u00edmu za\u0159\u00edzen\u00ed Byrna nebo jak\u00e9koli t\u0159et\u00ed stran\u011b za jak\u00e9koli zvl\u00e1\u0161tn\u00ed, nekompenza\u010dn\u00ed, n\u00e1sledn\u00e9, nep\u0159\u00edm\u00e9, n\u00e1hodn\u00e9, z\u00e1konn\u00e9 nebo jin\u00e9 \u0161kody, v\u010detn\u011b, mimo jin\u00e9, trestn\u00edch \u0161kod, u\u0161l\u00e9ho zisku, ztracen\u00fdch p\u0159\u00edle\u017eitost\u00ed, u\u0161l\u00e9ho p\u0159\u00edjmu, ztr\u00e1ty konsorcia nebo jin\u00e9 \u0161kody \u010di \u00fajmy, bez ohledu na formu \u017ealoby a bez ohledu na to, zda vypl\u00fdvaj\u00ed ze smlouvy, nedbalosti, z\u00e1konn\u00e9 nebo obecn\u00e9 pr\u00e1vn\u00ed odpov\u011bdnosti nebo jinak, zn\u00e1m\u00e9 nebo nezn\u00e1m\u00e9, i kdy\u017e je lze p\u0159edv\u00eddat nebo o nich v\u00fdslovn\u011b informovat, v jak\u00e9koli v\u00fd\u0161i vy\u0161\u0161\u00ed ne\u017e \u010d\u00e1stky zaplacen\u00e9 kupuj\u00edc\u00edm spole\u010dnosti Defender za produkty, leda\u017ee by byly zp\u016fsobeny hrubou nedbalost\u00ed nebo \u00famysln\u00fdm jedn\u00e1n\u00edm spole\u010dnosti Defender. V\u00fd\u0161e uveden\u00e1 omezen\u00ed se pova\u017euj\u00ed za platn\u00e1 v maxim\u00e1ln\u00edm rozsahu povolen\u00e9m platn\u00fdmi pr\u00e1vn\u00edmi p\u0159edpisy a bez ohledu na to, \u017ee podstatn\u00fd \u00fa\u010del jak\u00fdchkoli omezen\u00fdch opravn\u00fdch prost\u0159edk\u016f nebyl spln\u011bn. Ka\u017ed\u00fd kupuj\u00edc\u00ed, kter\u00fd nesouhlas\u00ed s t\u00edmto p\u0159evzet\u00edm rizika, m\u016f\u017ee zakoupen\u00e9 v\u00fdrobky vr\u00e1tit v p\u016fvodn\u00edm obalu, nepou\u017eit\u00e9 a v p\u016fvodn\u00edm stavu do 7 dn\u016f od zakoupen\u00ed.<\/p><p>\u200d<\/p>","protected":false},"excerpt":{"rendered":"<p>LIMITED FACTORY WARRANTY \u200d The Byrna HD\/SD personal security device is warranted by Defender d.o.o., solely to the end user, to be delivered free from factory defects in materials and [&hellip;]<\/p>","protected":false},"author":1,"featured_media":0,"parent":0,"menu_order":0,"comment_status":"closed","ping_status":"closed","template":"","meta":{"footnotes":""},"class_list":["post-1875","page","type-page","status-publish","hentry"],"_links":{"self":[{"href":"https:\/\/www.defender-byrna.si\/cs\/wp-json\/wp\/v2\/pages\/1875","targetHints":{"allow":["GET"]}}],"collection":[{"href":"https:\/\/www.defender-byrna.si\/cs\/wp-json\/wp\/v2\/pages"}],"about":[{"href":"https:\/\/www.defender-byrna.si\/cs\/wp-json\/wp\/v2\/types\/page"}],"author":[{"embeddable":true,"href":"https:\/\/www.defender-byrna.si\/cs\/wp-json\/wp\/v2\/users\/1"}],"replies":[{"embeddable":true,"href":"https:\/\/www.defender-byrna.si\/cs\/wp-json\/wp\/v2\/comments?post=1875"}],"version-history":[{"count":1,"href":"https:\/\/www.defender-byrna.si\/cs\/wp-json\/wp\/v2\/pages\/1875\/revisions"}],"predecessor-version":[{"id":1877,"href":"https:\/\/www.defender-byrna.si\/cs\/wp-json\/wp\/v2\/pages\/1875\/revisions\/1877"}],"wp:attachment":[{"href":"https:\/\/www.defender-byrna.si\/cs\/wp-json\/wp\/v2\/media?parent=1875"}],"curies":[{"name":"wp","href":"https:\/\/api.w.org\/{rel}","templated":true}]}}