{"id":1873,"date":"2023-06-30T10:29:49","date_gmt":"2023-06-30T08:29:49","guid":{"rendered":"https:\/\/defender.byrna-defense.com\/?page_id=1873"},"modified":"2023-06-30T10:29:52","modified_gmt":"2023-06-30T08:29:52","slug":"free-shipping","status":"publish","type":"page","link":"https:\/\/www.defender-byrna.si\/cs\/free-shipping\/","title":{"rendered":"Doprava zdarma"},"content":{"rendered":"<h5 class=\"wp-block-heading\">V\u0161echny va\u0161e objedn\u00e1vky, kter\u00e9 obsahuj\u00ed Byrnu HD\/SD, jsou odes\u00edl\u00e1ny&nbsp;<strong>Zdarma<\/strong>.<br>U v\u0161ech ostatn\u00edch produkt\u016f mus\u00edme \u00fa\u010dtovat standardn\u00ed n\u00e1klady na dopravu v EU.<br>Pro optimalizaci va\u0161ich n\u00e1klad\u016f jsme pro v\u00e1s p\u0159ipravili tabulku se v\u0161emi n\u00e1klady.<br>na hmotnost balen\u00ed a hmotnost v\u00fdrobk\u016f.<br>D\u011bkujeme za pochopen\u00ed.<\/h5>","protected":false},"excerpt":{"rendered":"<p>All your orders that include a Byrna HD\/SD are being shipped&nbsp;Free of charge.For all other products we have to charge the standard shipping costs in the EU.For optimizing your costs, [&hellip;]<\/p>","protected":false},"author":1,"featured_media":0,"parent":0,"menu_order":0,"comment_status":"closed","ping_status":"closed","template":"","meta":{"footnotes":""},"class_list":["post-1873","page","type-page","status-publish","hentry"],"_links":{"self":[{"href":"https:\/\/www.defender-byrna.si\/cs\/wp-json\/wp\/v2\/pages\/1873","targetHints":{"allow":["GET"]}}],"collection":[{"href":"https:\/\/www.defender-byrna.si\/cs\/wp-json\/wp\/v2\/pages"}],"about":[{"href":"https:\/\/www.defender-byrna.si\/cs\/wp-json\/wp\/v2\/types\/page"}],"author":[{"embeddable":true,"href":"https:\/\/www.defender-byrna.si\/cs\/wp-json\/wp\/v2\/users\/1"}],"replies":[{"embeddable":true,"href":"https:\/\/www.defender-byrna.si\/cs\/wp-json\/wp\/v2\/comments?post=1873"}],"version-history":[{"count":1,"href":"https:\/\/www.defender-byrna.si\/cs\/wp-json\/wp\/v2\/pages\/1873\/revisions"}],"predecessor-version":[{"id":1874,"href":"https:\/\/www.defender-byrna.si\/cs\/wp-json\/wp\/v2\/pages\/1873\/revisions\/1874"}],"wp:attachment":[{"href":"https:\/\/www.defender-byrna.si\/cs\/wp-json\/wp\/v2\/media?parent=1873"}],"curies":[{"name":"wp","href":"https:\/\/api.w.org\/{rel}","templated":true}]}}