{"id":1871,"date":"2023-06-30T10:28:13","date_gmt":"2023-06-30T08:28:13","guid":{"rendered":"https:\/\/defender.byrna-defense.com\/?page_id=1871"},"modified":"2023-06-30T10:28:25","modified_gmt":"2023-06-30T08:28:25","slug":"privacy-policy-2","status":"publish","type":"page","link":"https:\/\/www.defender-byrna.si\/cs\/privacy-policy-2\/","title":{"rendered":"Z\u00e1sady ochrany osobn\u00edch \u00fadaj\u016f"},"content":{"rendered":"<p>Tyto z\u00e1sady ochrany osobn\u00edch \u00fadaj\u016f popisuj\u00ed, jak jsou va\u0161e osobn\u00ed \u00fadaje shroma\u017e\u010fov\u00e1ny, pou\u017e\u00edv\u00e1ny a sd\u00edleny p\u0159i n\u00e1v\u0161t\u011bv\u011b nebo n\u00e1kupu na str\u00e1nk\u00e1ch www.defender-byrna.eu.<\/p><p>\u200d<\/p><p><strong>OSOBN\u00cd \u00daDAJE, KTER\u00c9 SHROMA\u017d\u010eUJEME<\/strong><\/p><p>\u200d<\/p><p>Kdy\u017e nav\u0161t\u00edv\u00edte Str\u00e1nky, automaticky shroma\u017e\u010fujeme ur\u010dit\u00e9 informace o va\u0161em za\u0159\u00edzen\u00ed, v\u010detn\u011b informac\u00ed o va\u0161em webov\u00e9m prohl\u00ed\u017ee\u010di, IP adrese, \u010dasov\u00e9m p\u00e1smu a n\u011bkter\u00fdch souborech cookie, kter\u00e9 jsou ve va\u0161em za\u0159\u00edzen\u00ed nainstalov\u00e1ny. Krom\u011b toho p\u0159i prohl\u00ed\u017een\u00ed Str\u00e1nek shroma\u017e\u010fujeme informace o jednotliv\u00fdch webov\u00fdch str\u00e1nk\u00e1ch nebo produktech, kter\u00e9 si prohl\u00ed\u017e\u00edte, o tom, jak\u00e9 webov\u00e9 str\u00e1nky nebo vyhled\u00e1vac\u00ed v\u00fdrazy v\u00e1s na Str\u00e1nky odk\u00e1zaly, a informace o tom, jak se Str\u00e1nkami pracujete. Tyto automaticky shroma\u017e\u010fovan\u00e9 informace ozna\u010dujeme jako \"Informace o za\u0159\u00edzen\u00ed\".<\/p><p>\u200d<\/p><p>Informace o za\u0159\u00edzen\u00ed shroma\u017e\u010fujeme pomoc\u00ed n\u00e1sleduj\u00edc\u00edch technologi\u00ed<\/p><p>\u200d<br>- \"Protokolov\u00e9 soubory\" sleduj\u00ed \u010dinnosti prov\u00e1d\u011bn\u00e9 na Str\u00e1nk\u00e1ch a shroma\u017e\u010fuj\u00ed \u00fadaje v\u010detn\u011b va\u0161\u00ed IP adresy, typu prohl\u00ed\u017ee\u010de, poskytovatele internetov\u00fdch slu\u017eeb, odkazuj\u00edc\u00edch\/odkazovan\u00fdch str\u00e1nek a \u010dasov\u00fdch raz\u00edtek.<br>- \"Webov\u00e9 sign\u00e1ly\", \"zna\u010dky\" a \"pixely\" jsou elektronick\u00e9 soubory, kter\u00e9 se pou\u017e\u00edvaj\u00ed k zaznamen\u00e1v\u00e1n\u00ed informac\u00ed o tom, jak proch\u00e1z\u00edte Str\u00e1nky.<\/p><p>\u200d<\/p><p>Kdy\u017e na t\u011bchto str\u00e1nk\u00e1ch nakupujete nebo se pokou\u0161\u00edte o n\u00e1kup, shroma\u017e\u010fujeme od v\u00e1s ur\u010dit\u00e9 informace, v\u010detn\u011b va\u0161eho jm\u00e9na, faktura\u010dn\u00ed adresy, dodac\u00ed adresy, platebn\u00edch \u00fadaj\u016f, e-mailov\u00e9 adresy a telefonn\u00edho \u010d\u00edsla. Tyto informace ozna\u010dujeme jako \"informace o objedn\u00e1vce\".<\/p><p>Kdy\u017e v t\u011bchto z\u00e1sad\u00e1ch ochrany osobn\u00edch \u00fadaj\u016f hovo\u0159\u00edme o \"osobn\u00edch \u00fadaj\u00edch\", m\u00e1me na mysli jak \u00fadaje o za\u0159\u00edzen\u00ed, tak \u00fadaje o objedn\u00e1vce.<\/p><p>\u200d<\/p><p><strong>JAK POU\u017d\u00cdV\u00c1ME VA\u0160E OSOBN\u00cd \u00daDAJE?<\/strong><\/p><p>\u200d<\/p><p>Informace o objedn\u00e1vk\u00e1ch, kter\u00e9 shroma\u017e\u010fujeme, pou\u017e\u00edv\u00e1me obecn\u011b k vy\u0159\u00edzen\u00ed v\u0161ech objedn\u00e1vek zadan\u00fdch prost\u0159ednictv\u00edm Str\u00e1nek (v\u010detn\u011b zpracov\u00e1n\u00ed va\u0161ich platebn\u00edch \u00fadaj\u016f, zaji\u0161t\u011bn\u00ed p\u0159epravy a poskytnut\u00ed e-mailov\u00fdch stvrzenek, faktur a\/nebo potvrzen\u00ed objedn\u00e1vky). Krom\u011b toho tyto Informace o objedn\u00e1vk\u00e1ch pou\u017e\u00edv\u00e1me k:<br>komunikovat s v\u00e1mi;<br>prov\u011b\u0159ovat na\u0161e objedn\u00e1vky z hlediska mo\u017en\u00e9ho rizika nebo podvodu; a<br>v souladu s preferencemi, kter\u00e9 jste n\u00e1m sd\u011blili, v\u00e1m poskytovat informace nebo reklamu t\u00fdkaj\u00edc\u00ed se na\u0161ich produkt\u016f nebo slu\u017eeb.<\/p><p>Informace o za\u0159\u00edzen\u00ed, kter\u00e9 shroma\u017e\u010fujeme, n\u00e1m pom\u00e1haj\u00ed p\u0159i kontrole potenci\u00e1ln\u00edch rizik a podvod\u016f (zejm\u00e9na va\u0161e IP adresa) a obecn\u011bji p\u0159i zlep\u0161ov\u00e1n\u00ed a optimalizaci na\u0161ich str\u00e1nek (nap\u0159\u00edklad vytv\u00e1\u0159en\u00edm analytick\u00fdch \u00fadaj\u016f o tom, jak na\u0161i z\u00e1kazn\u00edci proch\u00e1zej\u00ed str\u00e1nky a jak s nimi pracuj\u00ed, a p\u0159i vyhodnocov\u00e1n\u00ed \u00fasp\u011b\u0161nosti na\u0161ich marketingov\u00fdch a reklamn\u00edch kampan\u00ed).<\/p><p>\u200d<\/p><p><strong>SD\u00cdLEN\u00cd VA\u0160ICH OSOBN\u00cdCH \u00daDAJ\u016e<\/strong><\/p><p>\u200d<\/p><p>Va\u0161e osobn\u00ed \u00fadaje sd\u00edl\u00edme s t\u0159et\u00edmi stranami, kter\u00e9 n\u00e1m pom\u00e1haj\u00ed pou\u017e\u00edvat va\u0161e osobn\u00ed \u00fadaje, jak je pops\u00e1no v\u00fd\u0161e. Nap\u0159\u00edklad pou\u017e\u00edv\u00e1me slu\u017ebu Google Analytics, kter\u00e1 n\u00e1m pom\u00e1h\u00e1 pochopit, jak na\u0161i z\u00e1kazn\u00edci pou\u017e\u00edvaj\u00ed Str\u00e1nky - v\u00edce informac\u00ed o tom, jak spole\u010dnost Google pou\u017e\u00edv\u00e1 va\u0161e Osobn\u00ed \u00fadaje, si m\u016f\u017eete p\u0159e\u010d\u00edst zde: https:\/\/www.google.com\/intl\/en\/policies\/privacy\/. Slu\u017ebu Google Analytics m\u016f\u017eete tak\u00e9 odhl\u00e1sit zde: https:\/\/tools.google.com\/dlpage\/gaoptout.<\/p><p>Va\u0161e osobn\u00ed \u00fadaje m\u016f\u017eeme tak\u00e9 sd\u00edlet, abychom vyhov\u011bli platn\u00fdm z\u00e1kon\u016fm a p\u0159edpis\u016fm, abychom reagovali na p\u0159edvol\u00e1n\u00ed, p\u0159\u00edkaz k prohl\u00eddce nebo jinou z\u00e1konnou \u017e\u00e1dost o informace, kter\u00e9 obdr\u017e\u00edme, nebo abychom jinak chr\u00e1nili sv\u00e1 pr\u00e1va.<\/p><p>\u200d<\/p><p><strong>NESLEDOVAT<\/strong><\/p><p>\u200d<\/p><p>Vezm\u011bte pros\u00edm na v\u011bdom\u00ed, \u017ee pokud v\u00e1\u0161 prohl\u00ed\u017ee\u010d zobraz\u00ed sign\u00e1l \"Nesledovat\", nijak t\u00edm nem\u011bn\u00edme postupy shroma\u017e\u010fov\u00e1n\u00ed a pou\u017e\u00edv\u00e1n\u00ed dat na na\u0161ich str\u00e1nk\u00e1ch.<\/p><p><strong>UCHOV\u00c1V\u00c1N\u00cd DAT<\/strong><\/p><p>\u200d<\/p><p>Pokud prost\u0159ednictv\u00edm Str\u00e1nek zad\u00e1te objedn\u00e1vku, uchov\u00e1me si va\u0161e informace o objedn\u00e1vce pro na\u0161e z\u00e1znamy, dokud n\u00e1s nepo\u017e\u00e1d\u00e1te o jejich vymaz\u00e1n\u00ed.<\/p><p>\u200d<\/p><p><strong>MINORS<\/strong><\/p><p>\u200d<\/p><p><strong>Str\u00e1nky nejsou ur\u010deny pro osoby mlad\u0161\u00ed 13 let a nikdo mlad\u0161\u00ed 18 let nesm\u00ed na t\u011bchto str\u00e1nk\u00e1ch nakupovat produkty.<\/strong><\/p><p>\u200d<\/p><p><strong>ZM\u011aNY<\/strong><\/p><p>\u200d<\/p><p>Tyto z\u00e1sady ochrany osobn\u00edch \u00fadaj\u016f m\u016f\u017eeme \u010das od \u010dasu aktualizovat, abychom zohlednili nap\u0159\u00edklad zm\u011bny na\u0161ich postup\u016f nebo z jin\u00fdch provozn\u00edch, pr\u00e1vn\u00edch nebo regula\u010dn\u00edch d\u016fvod\u016f.<\/p><p>\u200d<\/p><p><strong>KONTAKTUJTE N\u00c1S<\/strong><\/p><p>\u200d<\/p><p>Chcete-li z\u00edskat dal\u0161\u00ed informace o na\u0161ich postupech ochrany osobn\u00edch \u00fadaj\u016f, m\u00e1te-li dotazy nebo chcete-li podat st\u00ed\u017enost, kontaktujte n\u00e1s pros\u00edm e-mailem na adrese info@defender-byrna.eu nebo po\u0161tou pomoc\u00ed n\u00ed\u017ee uveden\u00fdch \u00fadaj\u016f:<br>Defender d.o.o.<\/p><p>Radvanjska cesta 108<\/p><p>2000 Maribor<\/p><p>Slovinsko<\/p><p>\u200d<\/p>","protected":false},"excerpt":{"rendered":"<p>This Privacy Policy describes how your personal information is collected, used, and shared when you visit or make a purchase on www.defender-byrna.eu. \u200d PERSONAL INFORMATION WE COLLECT \u200d When you [&hellip;]<\/p>","protected":false},"author":1,"featured_media":0,"parent":0,"menu_order":0,"comment_status":"closed","ping_status":"closed","template":"","meta":{"footnotes":""},"class_list":["post-1871","page","type-page","status-publish","hentry"],"_links":{"self":[{"href":"https:\/\/www.defender-byrna.si\/cs\/wp-json\/wp\/v2\/pages\/1871","targetHints":{"allow":["GET"]}}],"collection":[{"href":"https:\/\/www.defender-byrna.si\/cs\/wp-json\/wp\/v2\/pages"}],"about":[{"href":"https:\/\/www.defender-byrna.si\/cs\/wp-json\/wp\/v2\/types\/page"}],"author":[{"embeddable":true,"href":"https:\/\/www.defender-byrna.si\/cs\/wp-json\/wp\/v2\/users\/1"}],"replies":[{"embeddable":true,"href":"https:\/\/www.defender-byrna.si\/cs\/wp-json\/wp\/v2\/comments?post=1871"}],"version-history":[{"count":1,"href":"https:\/\/www.defender-byrna.si\/cs\/wp-json\/wp\/v2\/pages\/1871\/revisions"}],"predecessor-version":[{"id":1872,"href":"https:\/\/www.defender-byrna.si\/cs\/wp-json\/wp\/v2\/pages\/1871\/revisions\/1872"}],"wp:attachment":[{"href":"https:\/\/www.defender-byrna.si\/cs\/wp-json\/wp\/v2\/media?parent=1871"}],"curies":[{"name":"wp","href":"https:\/\/api.w.org\/{rel}","templated":true}]}}